{"id":880,"date":"2025-11-05T20:01:05","date_gmt":"2025-11-05T20:01:05","guid":{"rendered":"https:\/\/etiolife.com\/?post_type=product&#038;p=880"},"modified":"2025-11-05T20:13:37","modified_gmt":"2025-11-05T20:13:37","slug":"retiro-rejuvenece-parejas","status":"publish","type":"product","link":"https:\/\/etiolife.com\/en\/product\/retiro-rejuvenece-parejas\/","title":{"rendered":"Retiro: REJUVENECE &#8211; Parejas"},"content":{"rendered":"<p data-start=\"1910\" data-end=\"2045\">Disfruta el <strong data-start=\"1922\" data-end=\"1965\">Retiro Rejuvenece: Renace desde adentro<\/strong> en el <strong data-start=\"1972\" data-end=\"2008\">Hyatt Vivid Grand Island, Canc\u00fan<\/strong>, del <strong data-start=\"2014\" data-end=\"2042\">8 al 12 de enero de 2025<\/strong>.<\/p>\n<p data-start=\"2052\" data-end=\"2111\">Este paquete est\u00e1 dise\u00f1ado para <strong data-start=\"2084\" data-end=\"2100\">dos personas<\/strong> e incluye:<\/p>\n<ul data-start=\"2114\" data-end=\"2455\">\n<li data-start=\"2114\" data-end=\"2178\">\n<p data-start=\"2116\" data-end=\"2178\">\ud83e\uddd8\u200d\u2642\ufe0f Acceso completo al programa de actividades del retiro.<\/p>\n<\/li>\n<li data-start=\"2181\" data-end=\"2258\">\n<p data-start=\"2183\" data-end=\"2258\">\ud83c\udfe8 4 noches de hospedaje en habitaci\u00f3n doble (para pareja o acompa\u00f1ante).<\/p>\n<\/li>\n<li data-start=\"2261\" data-end=\"2306\">\n<p data-start=\"2263\" data-end=\"2306\">\ud83e\udd57 Alimentaci\u00f3n saludable y regenerativa.<\/p>\n<\/li>\n<li data-start=\"2309\" data-end=\"2363\">\n<p data-start=\"2311\" data-end=\"2363\">\ud83c\udf38 Amenidades del hotel y experiencias exclusivas.<\/p>\n<\/li>\n<li data-start=\"2366\" data-end=\"2451\">\n<p data-start=\"2368\" data-end=\"2451\">\ud83d\udc69\u200d\u2695\ufe0f Convivencia directa con los expertos: m\u00e9dicos, coaches, chefs y terapeutas.<\/p>\n<\/li>\n<\/ul>","protected":false},"excerpt":{"rendered":"<p>Comparte esta experiencia \u00fanica de sanaci\u00f3n y bienestar con tu pareja o acompa\u00f1ante.<br data-start=\"1792\" data-end=\"1795\" \/>Incluye hospedaje doble, alimentaci\u00f3n regenerativa, terapias y acceso total al retiro.<\/p>","protected":false},"featured_media":0,"comment_status":"open","ping_status":"closed","template":"","meta":{"_et_pb_use_builder":"","_et_pb_old_content":"","_et_gb_content_width":""},"product_brand":[],"product_cat":[27],"product_tag":[28],"class_list":{"0":"post-880","1":"product","2":"type-product","3":"status-publish","5":"product_cat-retiros","6":"product_tag-retiros","8":"first","9":"instock","10":"taxable","11":"shipping-taxable","12":"product-type-external"},"_links":{"self":[{"href":"https:\/\/etiolife.com\/en\/wp-json\/wp\/v2\/product\/880","targetHints":{"allow":["GET"]}}],"collection":[{"href":"https:\/\/etiolife.com\/en\/wp-json\/wp\/v2\/product"}],"about":[{"href":"https:\/\/etiolife.com\/en\/wp-json\/wp\/v2\/types\/product"}],"replies":[{"embeddable":true,"href":"https:\/\/etiolife.com\/en\/wp-json\/wp\/v2\/comments?post=880"}],"wp:attachment":[{"href":"https:\/\/etiolife.com\/en\/wp-json\/wp\/v2\/media?parent=880"}],"wp:term":[{"taxonomy":"product_brand","embeddable":true,"href":"https:\/\/etiolife.com\/en\/wp-json\/wp\/v2\/product_brand?post=880"},{"taxonomy":"product_cat","embeddable":true,"href":"https:\/\/etiolife.com\/en\/wp-json\/wp\/v2\/product_cat?post=880"},{"taxonomy":"product_tag","embeddable":true,"href":"https:\/\/etiolife.com\/en\/wp-json\/wp\/v2\/product_tag?post=880"}],"curies":[{"name":"wp","href":"https:\/\/api.w.org\/{rel}","templated":true}]}}