{"id":447,"date":"2025-10-08T06:02:36","date_gmt":"2025-10-08T06:02:36","guid":{"rendered":"https:\/\/etiolife.com\/?post_type=product&#038;p=447"},"modified":"2025-12-15T20:11:35","modified_gmt":"2025-12-15T20:11:35","slug":"cama-magnetica","status":"publish","type":"product","link":"https:\/\/etiolife.com\/en\/product\/cama-magnetica\/","title":{"rendered":"CAMA MAGN\u00c9TICA"},"content":{"rendered":"<p data-start=\"462\" data-end=\"872\">La <strong data-start=\"490\" data-end=\"519\">Cama Magn\u00e9tica Rejuvenate<\/strong> combina pulsos magn\u00e9ticos de baja frecuencia con principios de magnetoterapia cl\u00ednica para estimular la circulaci\u00f3n, oxigenar los tejidos y equilibrar el sistema nervioso.<br data-start=\"691\" data-end=\"694\" \/>Su uso regular ayuda a reducir la inflamaci\u00f3n, aliviar dolores musculares y mejorar el descanso. Ideal como apoyo en tratamientos anti-aging y protocolos de regeneraci\u00f3n celular.<\/p>\n<p data-start=\"874\" data-end=\"901\"><strong data-start=\"874\" data-end=\"901\">Beneficios principales:<\/strong><\/p>\n<ul data-start=\"902\" data-end=\"1137\">\n<li data-start=\"902\" data-end=\"954\">\n<p data-start=\"904\" data-end=\"954\">Favorece la oxigenaci\u00f3n y circulaci\u00f3n sangu\u00ednea.<\/p>\n<\/li>\n<li data-start=\"955\" data-end=\"1009\">\n<p data-start=\"957\" data-end=\"1009\">Ayuda a disminuir la tensi\u00f3n muscular y el estr\u00e9s.<\/p>\n<\/li>\n<li data-start=\"1010\" data-end=\"1067\">\n<p data-start=\"1012\" data-end=\"1067\">Promueve la regeneraci\u00f3n celular durante el descanso.<\/p>\n<\/li>\n<li data-start=\"1068\" data-end=\"1137\">\n<p data-start=\"1070\" data-end=\"1137\">Compatible con cualquier programa de bienestar o desintoxicaci\u00f3n.<\/p>\n<\/li>\n<\/ul>","protected":false},"excerpt":{"rendered":"<p>Experimenta una profunda relajaci\u00f3n y recuperaci\u00f3n celular con tecnolog\u00eda de campos magn\u00e9ticos terap\u00e9uticos.<\/p>","protected":false},"featured_media":919,"comment_status":"open","ping_status":"closed","template":"","meta":{"_et_pb_use_builder":"","_et_pb_old_content":"","_et_gb_content_width":""},"product_brand":[],"product_cat":[23],"product_tag":[],"class_list":{"0":"post-447","1":"product","2":"type-product","3":"status-publish","4":"has-post-thumbnail","6":"product_cat-magnetismo","8":"first","9":"instock","10":"taxable","11":"shipping-taxable","12":"purchasable","13":"product-type-simple"},"_links":{"self":[{"href":"https:\/\/etiolife.com\/en\/wp-json\/wp\/v2\/product\/447","targetHints":{"allow":["GET"]}}],"collection":[{"href":"https:\/\/etiolife.com\/en\/wp-json\/wp\/v2\/product"}],"about":[{"href":"https:\/\/etiolife.com\/en\/wp-json\/wp\/v2\/types\/product"}],"replies":[{"embeddable":true,"href":"https:\/\/etiolife.com\/en\/wp-json\/wp\/v2\/comments?post=447"}],"wp:featuredmedia":[{"embeddable":true,"href":"https:\/\/etiolife.com\/en\/wp-json\/wp\/v2\/media\/919"}],"wp:attachment":[{"href":"https:\/\/etiolife.com\/en\/wp-json\/wp\/v2\/media?parent=447"}],"wp:term":[{"taxonomy":"product_brand","embeddable":true,"href":"https:\/\/etiolife.com\/en\/wp-json\/wp\/v2\/product_brand?post=447"},{"taxonomy":"product_cat","embeddable":true,"href":"https:\/\/etiolife.com\/en\/wp-json\/wp\/v2\/product_cat?post=447"},{"taxonomy":"product_tag","embeddable":true,"href":"https:\/\/etiolife.com\/en\/wp-json\/wp\/v2\/product_tag?post=447"}],"curies":[{"name":"wp","href":"https:\/\/api.w.org\/{rel}","templated":true}]}}